{"id":1616,"date":"2022-06-26T12:57:42","date_gmt":"2022-06-26T17:57:42","guid":{"rendered":"http:\/\/localhost\/fondofer\/?page_id=1616"},"modified":"2024-07-05T09:54:58","modified_gmt":"2024-07-05T14:54:58","slug":"lineas-de-credito","status":"publish","type":"page","link":"https:\/\/fondofertolima.com\/fondofer\/?page_id=1616","title":{"rendered":"L\u00edneas de cr\u00e9dito"},"content":{"rendered":"\t\t<div data-elementor-type=\"wp-page\" data-elementor-id=\"1616\" class=\"elementor elementor-1616\">\n\t\t\t\t\t\t<section class=\"elementor-section elementor-top-section elementor-element elementor-element-6276f88 elementor-section-full_width elementor-section-stretched elementor-section-height-default elementor-section-height-default wpr-particle-no wpr-jarallax-no wpr-parallax-no wpr-sticky-section-no\" data-id=\"6276f88\" data-element_type=\"section\" data-settings=\"{&quot;stretch_section&quot;:&quot;section-stretched&quot;}\">\n\t\t\t\t\t\t<div class=\"elementor-container elementor-column-gap-default\">\n\t\t\t\t\t<div class=\"elementor-column elementor-col-100 elementor-top-column elementor-element elementor-element-0409328\" data-id=\"0409328\" data-element_type=\"column\">\n\t\t\t<div class=\"elementor-widget-wrap elementor-element-populated\">\n\t\t\t\t\t\t<div class=\"elementor-element elementor-element-810835c elementor-widget elementor-widget-image\" data-id=\"810835c\" data-element_type=\"widget\" data-widget_type=\"image.default\">\n\t\t\t\t<div class=\"elementor-widget-container\">\n\t\t\t<style>\/*! elementor - v3.22.0 - 26-06-2024 *\/\n.elementor-widget-image{text-align:center}.elementor-widget-image a{display:inline-block}.elementor-widget-image a img[src$=\".svg\"]{width:48px}.elementor-widget-image img{vertical-align:middle;display:inline-block}<\/style>\t\t\t\t\t\t\t\t\t\t<img fetchpriority=\"high\" decoding=\"async\" width=\"1450\" height=\"300\" src=\"https:\/\/fondofertolima.com\/fondofer\/wp-content\/uploads\/2024\/02\/lineas-de-credito-fondofer.jpg\" class=\"attachment-full size-full wp-image-3375\" alt=\"\" srcset=\"https:\/\/fondofertolima.com\/fondofer\/wp-content\/uploads\/2024\/02\/lineas-de-credito-fondofer.jpg 1450w, https:\/\/fondofertolima.com\/fondofer\/wp-content\/uploads\/2024\/02\/lineas-de-credito-fondofer-300x62.jpg 300w, https:\/\/fondofertolima.com\/fondofer\/wp-content\/uploads\/2024\/02\/lineas-de-credito-fondofer-1024x212.jpg 1024w, https:\/\/fondofertolima.com\/fondofer\/wp-content\/uploads\/2024\/02\/lineas-de-credito-fondofer-768x159.jpg 768w\" sizes=\"(max-width: 1450px) 100vw, 1450px\" \/>\t\t\t\t\t\t\t\t\t\t\t\t\t<\/div>\n\t\t\t\t<\/div>\n\t\t\t\t\t<\/div>\n\t\t<\/div>\n\t\t\t\t\t<\/div>\n\t\t<\/section>\n\t\t\t\t<section class=\"elementor-section elementor-top-section elementor-element elementor-element-7433627 elementor-section-boxed elementor-section-height-default elementor-section-height-default wpr-particle-no wpr-jarallax-no wpr-parallax-no wpr-sticky-section-no\" data-id=\"7433627\" data-element_type=\"section\">\n\t\t\t\t\t\t<div class=\"elementor-container elementor-column-gap-default\">\n\t\t\t\t\t<div class=\"elementor-column elementor-col-25 elementor-top-column elementor-element elementor-element-6dd288f\" data-id=\"6dd288f\" data-element_type=\"column\">\n\t\t\t<div class=\"elementor-widget-wrap elementor-element-populated\">\n\t\t\t\t\t\t<div class=\"elementor-element elementor-element-08a395e elementor-position-top elementor-position-top elementor-widget elementor-widget-image-box\" data-id=\"08a395e\" data-element_type=\"widget\" data-widget_type=\"image-box.default\">\n\t\t\t\t<div class=\"elementor-widget-container\">\n\t\t\t<style>\/*! elementor - v3.22.0 - 26-06-2024 *\/\n.elementor-widget-image-box .elementor-image-box-content{width:100%}@media (min-width:768px){.elementor-widget-image-box.elementor-position-left .elementor-image-box-wrapper,.elementor-widget-image-box.elementor-position-right .elementor-image-box-wrapper{display:flex}.elementor-widget-image-box.elementor-position-right .elementor-image-box-wrapper{text-align:end;flex-direction:row-reverse}.elementor-widget-image-box.elementor-position-left .elementor-image-box-wrapper{text-align:start;flex-direction:row}.elementor-widget-image-box.elementor-position-top .elementor-image-box-img{margin:auto}.elementor-widget-image-box.elementor-vertical-align-top .elementor-image-box-wrapper{align-items:flex-start}.elementor-widget-image-box.elementor-vertical-align-middle .elementor-image-box-wrapper{align-items:center}.elementor-widget-image-box.elementor-vertical-align-bottom .elementor-image-box-wrapper{align-items:flex-end}}@media (max-width:767px){.elementor-widget-image-box .elementor-image-box-img{margin-left:auto!important;margin-right:auto!important;margin-bottom:15px}}.elementor-widget-image-box .elementor-image-box-img{display:inline-block}.elementor-widget-image-box .elementor-image-box-title a{color:inherit}.elementor-widget-image-box .elementor-image-box-wrapper{text-align:center}.elementor-widget-image-box .elementor-image-box-description{margin:0}<\/style><div class=\"elementor-image-box-wrapper\"><figure class=\"elementor-image-box-img\"><img decoding=\"async\" width=\"250\" height=\"250\" src=\"https:\/\/fondofertolima.com\/fondofer\/wp-content\/uploads\/2024\/02\/icono-credito-ordinario-1.jpg\" class=\"attachment-full size-full wp-image-3175\" alt=\"\" srcset=\"https:\/\/fondofertolima.com\/fondofer\/wp-content\/uploads\/2024\/02\/icono-credito-ordinario-1.jpg 250w, https:\/\/fondofertolima.com\/fondofer\/wp-content\/uploads\/2024\/02\/icono-credito-ordinario-1-150x150.jpg 150w\" sizes=\"(max-width: 250px) 100vw, 250px\" \/><\/figure><div class=\"elementor-image-box-content\"><h3 class=\"elementor-image-box-title\">Cr\u00e9dito de gerencia<\/h3><\/div><\/div>\t\t<\/div>\n\t\t\t\t<\/div>\n\t\t\t\t<div class=\"elementor-element elementor-element-02178b3 elementor-widget elementor-widget-text-editor\" data-id=\"02178b3\" data-element_type=\"widget\" data-widget_type=\"text-editor.default\">\n\t\t\t\t<div class=\"elementor-widget-container\">\n\t\t\t<style>\/*! elementor - v3.22.0 - 26-06-2024 *\/\n.elementor-widget-text-editor.elementor-drop-cap-view-stacked .elementor-drop-cap{background-color:#69727d;color:#fff}.elementor-widget-text-editor.elementor-drop-cap-view-framed .elementor-drop-cap{color:#69727d;border:3px solid;background-color:transparent}.elementor-widget-text-editor:not(.elementor-drop-cap-view-default) .elementor-drop-cap{margin-top:8px}.elementor-widget-text-editor:not(.elementor-drop-cap-view-default) .elementor-drop-cap-letter{width:1em;height:1em}.elementor-widget-text-editor .elementor-drop-cap{float:left;text-align:center;line-height:1;font-size:50px}.elementor-widget-text-editor .elementor-drop-cap-letter{display:inline-block}<\/style>\t\t\t\t<p>Esta destinado para satisfacer las necesidades personales del asociado y es de libre inversi\u00f3n, solicitudes hasta por ocho <strong>(8) SMMLV.<\/strong><\/p>\t\t\t\t\t\t<\/div>\n\t\t\t\t<\/div>\n\t\t\t\t\t<\/div>\n\t\t<\/div>\n\t\t\t\t<div class=\"elementor-column elementor-col-25 elementor-top-column elementor-element elementor-element-b56d4f1\" data-id=\"b56d4f1\" data-element_type=\"column\">\n\t\t\t<div class=\"elementor-widget-wrap elementor-element-populated\">\n\t\t\t\t\t\t<div class=\"elementor-element elementor-element-7113e37 elementor-position-top elementor-position-top elementor-widget elementor-widget-image-box\" data-id=\"7113e37\" data-element_type=\"widget\" data-widget_type=\"image-box.default\">\n\t\t\t\t<div class=\"elementor-widget-container\">\n\t\t\t<div class=\"elementor-image-box-wrapper\"><figure class=\"elementor-image-box-img\"><img decoding=\"async\" width=\"250\" height=\"250\" src=\"https:\/\/fondofertolima.com\/fondofer\/wp-content\/uploads\/2024\/02\/icono-credito-ordinario-1.jpg\" class=\"attachment-full size-full wp-image-3175\" alt=\"\" srcset=\"https:\/\/fondofertolima.com\/fondofer\/wp-content\/uploads\/2024\/02\/icono-credito-ordinario-1.jpg 250w, https:\/\/fondofertolima.com\/fondofer\/wp-content\/uploads\/2024\/02\/icono-credito-ordinario-1-150x150.jpg 150w\" sizes=\"(max-width: 250px) 100vw, 250px\" \/><\/figure><div class=\"elementor-image-box-content\"><h3 class=\"elementor-image-box-title\">Cr\u00e9dito ordinario<\/h3><\/div><\/div>\t\t<\/div>\n\t\t\t\t<\/div>\n\t\t\t\t<div class=\"elementor-element elementor-element-8371ef9 elementor-widget elementor-widget-text-editor\" data-id=\"8371ef9\" data-element_type=\"widget\" data-widget_type=\"text-editor.default\">\n\t\t\t\t<div class=\"elementor-widget-container\">\n\t\t\t\t\t\t\t<p>Esta destinado para satisfacer las necesidades personales del asociado y es de libre inversi\u00f3n. solicitudes por m\u00e1s de ocho<strong> (8) SMMLV.<\/strong><\/p>\t\t\t\t\t\t<\/div>\n\t\t\t\t<\/div>\n\t\t\t\t\t<\/div>\n\t\t<\/div>\n\t\t\t\t<div class=\"elementor-column elementor-col-25 elementor-top-column elementor-element elementor-element-d485434\" data-id=\"d485434\" data-element_type=\"column\">\n\t\t\t<div class=\"elementor-widget-wrap elementor-element-populated\">\n\t\t\t\t\t\t<div class=\"elementor-element elementor-element-968f22b elementor-position-top elementor-position-top elementor-widget elementor-widget-image-box\" data-id=\"968f22b\" data-element_type=\"widget\" data-widget_type=\"image-box.default\">\n\t\t\t\t<div class=\"elementor-widget-container\">\n\t\t\t<div class=\"elementor-image-box-wrapper\"><figure class=\"elementor-image-box-img\"><img decoding=\"async\" width=\"250\" height=\"250\" src=\"https:\/\/fondofertolima.com\/fondofer\/wp-content\/uploads\/2024\/02\/icono-credito-preferencial-1.jpg\" class=\"attachment-full size-full wp-image-3173\" alt=\"\" srcset=\"https:\/\/fondofertolima.com\/fondofer\/wp-content\/uploads\/2024\/02\/icono-credito-preferencial-1.jpg 250w, https:\/\/fondofertolima.com\/fondofer\/wp-content\/uploads\/2024\/02\/icono-credito-preferencial-1-150x150.jpg 150w\" sizes=\"(max-width: 250px) 100vw, 250px\" \/><\/figure><div class=\"elementor-image-box-content\"><h3 class=\"elementor-image-box-title\">Cr\u00e9dito preferencial<\/h3><\/div><\/div>\t\t<\/div>\n\t\t\t\t<\/div>\n\t\t\t\t<div class=\"elementor-element elementor-element-0fe6562 elementor-widget elementor-widget-text-editor\" data-id=\"0fe6562\" data-element_type=\"widget\" data-widget_type=\"text-editor.default\">\n\t\t\t\t<div class=\"elementor-widget-container\">\n\t\t\t\t\t\t\t<p>Esta l\u00ednea est\u00e1 destinada a atender las necesidades personales del asociado, es de libre inversi\u00f3n y aplica \u00fanicamente para la<br \/>primera solicitud de cr\u00e9dito que realice un asociado y hasta por <strong>10 SMMLV.<\/strong><\/p>\t\t\t\t\t\t<\/div>\n\t\t\t\t<\/div>\n\t\t\t\t\t<\/div>\n\t\t<\/div>\n\t\t\t\t<div class=\"elementor-column elementor-col-25 elementor-top-column elementor-element elementor-element-d34f3a9\" data-id=\"d34f3a9\" data-element_type=\"column\">\n\t\t\t<div class=\"elementor-widget-wrap elementor-element-populated\">\n\t\t\t\t\t\t<div class=\"elementor-element elementor-element-5320117 elementor-position-top elementor-position-top elementor-widget elementor-widget-image-box\" data-id=\"5320117\" data-element_type=\"widget\" data-widget_type=\"image-box.default\">\n\t\t\t\t<div class=\"elementor-widget-container\">\n\t\t\t<div class=\"elementor-image-box-wrapper\"><figure class=\"elementor-image-box-img\"><img loading=\"lazy\" decoding=\"async\" width=\"250\" height=\"250\" src=\"https:\/\/fondofertolima.com\/fondofer\/wp-content\/uploads\/2024\/03\/creditprima.jpg\" class=\"attachment-full size-full wp-image-3478\" alt=\"\" srcset=\"https:\/\/fondofertolima.com\/fondofer\/wp-content\/uploads\/2024\/03\/creditprima.jpg 250w, https:\/\/fondofertolima.com\/fondofer\/wp-content\/uploads\/2024\/03\/creditprima-150x150.jpg 150w\" sizes=\"(max-width: 250px) 100vw, 250px\" \/><\/figure><div class=\"elementor-image-box-content\"><h3 class=\"elementor-image-box-title\">Cr\u00e9diprima<\/h3><\/div><\/div>\t\t<\/div>\n\t\t\t\t<\/div>\n\t\t\t\t<div class=\"elementor-element elementor-element-b006a9c elementor-widget elementor-widget-text-editor\" data-id=\"b006a9c\" data-element_type=\"widget\" data-widget_type=\"text-editor.default\">\n\t\t\t\t<div class=\"elementor-widget-container\">\n\t\t\t\t\t\t\t<p>Esta modalidad permite ser pagada con la mitad de la prima que por derecho devengue el asociado y est\u00e1 destinada para satisfacer sus necesidades personales y es de libre inversi\u00f3n. El asociado debe cumplir con los requisitos legales para ser acreedor del pago de la prima como<br \/>prestaci\u00f3n legal de la empresa donde labore.<\/p>\t\t\t\t\t\t<\/div>\n\t\t\t\t<\/div>\n\t\t\t\t\t<\/div>\n\t\t<\/div>\n\t\t\t\t\t<\/div>\n\t\t<\/section>\n\t\t\t\t<section class=\"elementor-section elementor-top-section elementor-element elementor-element-f852ff5 elementor-section-boxed elementor-section-height-default elementor-section-height-default wpr-particle-no wpr-jarallax-no wpr-parallax-no wpr-sticky-section-no\" data-id=\"f852ff5\" data-element_type=\"section\">\n\t\t\t\t\t\t<div class=\"elementor-container elementor-column-gap-default\">\n\t\t\t\t\t<div class=\"elementor-column elementor-col-25 elementor-top-column elementor-element elementor-element-417fe21\" data-id=\"417fe21\" data-element_type=\"column\">\n\t\t\t<div class=\"elementor-widget-wrap elementor-element-populated\">\n\t\t\t\t\t\t<div class=\"elementor-element elementor-element-65fb69b elementor-position-top elementor-position-top elementor-widget elementor-widget-image-box\" data-id=\"65fb69b\" data-element_type=\"widget\" data-widget_type=\"image-box.default\">\n\t\t\t\t<div class=\"elementor-widget-container\">\n\t\t\t<div class=\"elementor-image-box-wrapper\"><figure class=\"elementor-image-box-img\"><img loading=\"lazy\" decoding=\"async\" width=\"250\" height=\"250\" src=\"https:\/\/fondofertolima.com\/fondofer\/wp-content\/uploads\/2024\/02\/icono-credito-aportes-1.jpg\" class=\"attachment-full size-full wp-image-3176\" alt=\"\" srcset=\"https:\/\/fondofertolima.com\/fondofer\/wp-content\/uploads\/2024\/02\/icono-credito-aportes-1.jpg 250w, https:\/\/fondofertolima.com\/fondofer\/wp-content\/uploads\/2024\/02\/icono-credito-aportes-1-150x150.jpg 150w\" sizes=\"(max-width: 250px) 100vw, 250px\" \/><\/figure><div class=\"elementor-image-box-content\"><h3 class=\"elementor-image-box-title\">Cr\u00e9diaportes<\/h3><\/div><\/div>\t\t<\/div>\n\t\t\t\t<\/div>\n\t\t\t\t<div class=\"elementor-element elementor-element-d6fdede elementor-widget elementor-widget-text-editor\" data-id=\"d6fdede\" data-element_type=\"widget\" data-widget_type=\"text-editor.default\">\n\t\t\t\t<div class=\"elementor-widget-container\">\n\t\t\t\t\t\t\t<p><span style=\"font-family: 'Times New Roman', sans-serif; font-size: 14px; font-style: normal; font-variant-ligatures: normal; font-variant-caps: normal; font-weight: 500;\">Esta l\u00ednea est\u00e1 destinada a atender las necesidades del asociado, es de libre inversi\u00f3n y aplica \u00fanicamente por valor de sus aportes sociales.<\/span><\/p>\t\t\t\t\t\t<\/div>\n\t\t\t\t<\/div>\n\t\t\t\t\t<\/div>\n\t\t<\/div>\n\t\t\t\t<div class=\"elementor-column elementor-col-25 elementor-top-column elementor-element elementor-element-dbc8c6d\" data-id=\"dbc8c6d\" data-element_type=\"column\">\n\t\t\t<div class=\"elementor-widget-wrap elementor-element-populated\">\n\t\t\t\t\t\t<div class=\"elementor-element elementor-element-1917bc2 elementor-position-top elementor-position-top elementor-widget elementor-widget-image-box\" data-id=\"1917bc2\" data-element_type=\"widget\" data-widget_type=\"image-box.default\">\n\t\t\t\t<div class=\"elementor-widget-container\">\n\t\t\t<div class=\"elementor-image-box-wrapper\"><figure class=\"elementor-image-box-img\"><img loading=\"lazy\" decoding=\"async\" width=\"250\" height=\"250\" src=\"https:\/\/fondofertolima.com\/fondofer\/wp-content\/uploads\/2024\/03\/icono-credimercado.jpg\" class=\"attachment-full size-full wp-image-3477\" alt=\"\" srcset=\"https:\/\/fondofertolima.com\/fondofer\/wp-content\/uploads\/2024\/03\/icono-credimercado.jpg 250w, https:\/\/fondofertolima.com\/fondofer\/wp-content\/uploads\/2024\/03\/icono-credimercado-150x150.jpg 150w\" sizes=\"(max-width: 250px) 100vw, 250px\" \/><\/figure><div class=\"elementor-image-box-content\"><h3 class=\"elementor-image-box-title\">Cr\u00e9dimercado<\/h3><\/div><\/div>\t\t<\/div>\n\t\t\t\t<\/div>\n\t\t\t\t<div class=\"elementor-element elementor-element-8fdb829 elementor-widget elementor-widget-text-editor\" data-id=\"8fdb829\" data-element_type=\"widget\" data-widget_type=\"text-editor.default\">\n\t\t\t\t<div class=\"elementor-widget-container\">\n\t\t\t\t\t\t\t<p><span style=\"font-family: 'Times New Roman', sans-serif; font-size: 14px; font-style: normal; font-variant-ligatures: normal; font-variant-caps: normal; font-weight: 500;\">Esta l\u00ednea est\u00e1 destinada a atender las carencias de efectivo para la compra de mercado, hasta por\u00a0<\/span><span style=\"font-variant-ligatures: normal; font-variant-caps: normal; font-family: 'Times New Roman', sans-serif; font-size: 14px; font-style: normal; font-weight: bolder;\">(1) SMMLV.<\/span><\/p>\t\t\t\t\t\t<\/div>\n\t\t\t\t<\/div>\n\t\t\t\t\t<\/div>\n\t\t<\/div>\n\t\t\t\t<div class=\"elementor-column elementor-col-25 elementor-top-column elementor-element elementor-element-e90630f\" data-id=\"e90630f\" data-element_type=\"column\">\n\t\t\t<div class=\"elementor-widget-wrap elementor-element-populated\">\n\t\t\t\t\t\t\t<\/div>\n\t\t<\/div>\n\t\t\t\t<div class=\"elementor-column elementor-col-25 elementor-top-column elementor-element elementor-element-c22b349\" data-id=\"c22b349\" data-element_type=\"column\">\n\t\t\t<div class=\"elementor-widget-wrap elementor-element-populated\">\n\t\t\t\t\t\t\t<\/div>\n\t\t<\/div>\n\t\t\t\t\t<\/div>\n\t\t<\/section>\n\t\t\t\t<section class=\"elementor-section elementor-top-section elementor-element elementor-element-19442c1 elementor-section-boxed elementor-section-height-default elementor-section-height-default wpr-particle-no wpr-jarallax-no wpr-parallax-no wpr-sticky-section-no\" data-id=\"19442c1\" data-element_type=\"section\" data-settings=\"{&quot;background_background&quot;:&quot;classic&quot;}\">\n\t\t\t\t\t\t<div class=\"elementor-container elementor-column-gap-default\">\n\t\t\t\t\t<div class=\"elementor-column elementor-col-50 elementor-top-column elementor-element elementor-element-fc99886\" data-id=\"fc99886\" data-element_type=\"column\">\n\t\t\t<div class=\"elementor-widget-wrap elementor-element-populated\">\n\t\t\t\t\t\t<div class=\"elementor-element elementor-element-e6081ab elementor-widget elementor-widget-heading\" data-id=\"e6081ab\" data-element_type=\"widget\" data-widget_type=\"heading.default\">\n\t\t\t\t<div class=\"elementor-widget-container\">\n\t\t\t<style>\/*! elementor - v3.22.0 - 26-06-2024 *\/\n.elementor-heading-title{padding:0;margin:0;line-height:1}.elementor-widget-heading .elementor-heading-title[class*=elementor-size-]>a{color:inherit;font-size:inherit;line-height:inherit}.elementor-widget-heading .elementor-heading-title.elementor-size-small{font-size:15px}.elementor-widget-heading .elementor-heading-title.elementor-size-medium{font-size:19px}.elementor-widget-heading .elementor-heading-title.elementor-size-large{font-size:29px}.elementor-widget-heading .elementor-heading-title.elementor-size-xl{font-size:39px}.elementor-widget-heading .elementor-heading-title.elementor-size-xxl{font-size:59px}<\/style><h2 class=\"elementor-heading-title elementor-size-default\">Beneficios<\/h2>\t\t<\/div>\n\t\t\t\t<\/div>\n\t\t\t\t<div class=\"elementor-element elementor-element-eeb92dd elementor-widget elementor-widget-text-editor\" data-id=\"eeb92dd\" data-element_type=\"widget\" data-widget_type=\"text-editor.default\">\n\t\t\t\t<div class=\"elementor-widget-container\">\n\t\t\t\t\t\t\t<ul><li>Asumimos el seguro de vida.<\/li><li>Descuento por n\u00f3mina.<\/li><li>Bajas tasas de inter\u00e9s.<\/li><li>Agilidad en el desembolso.<\/li><li>Abonos extraordinarios.<\/li><\/ul>\t\t\t\t\t\t<\/div>\n\t\t\t\t<\/div>\n\t\t\t\t\t<\/div>\n\t\t<\/div>\n\t\t\t\t<div class=\"elementor-column elementor-col-50 elementor-top-column elementor-element elementor-element-b48796f\" data-id=\"b48796f\" data-element_type=\"column\">\n\t\t\t<div class=\"elementor-widget-wrap elementor-element-populated\">\n\t\t\t\t\t\t<div class=\"elementor-element elementor-element-29bfe7f elementor-widget elementor-widget-heading\" data-id=\"29bfe7f\" data-element_type=\"widget\" data-widget_type=\"heading.default\">\n\t\t\t\t<div class=\"elementor-widget-container\">\n\t\t\t<h2 class=\"elementor-heading-title elementor-size-default\">Garant\u00edas<\/h2>\t\t<\/div>\n\t\t\t\t<\/div>\n\t\t\t\t<div class=\"elementor-element elementor-element-1c576fd elementor-widget elementor-widget-text-editor\" data-id=\"1c576fd\" data-element_type=\"widget\" data-widget_type=\"text-editor.default\">\n\t\t\t\t<div class=\"elementor-widget-container\">\n\t\t\t\t\t\t\t<p>Contamos con diversidad de alternativas de Garant\u00eda:<\/p><p>Deudor solidario, Aportes y Ahorros,\u00a0\u00a0Prendar\u00eda, Hipoteca y AfianzaFondos SAS (codeudor solidario).<\/p>\t\t\t\t\t\t<\/div>\n\t\t\t\t<\/div>\n\t\t\t\t\t<\/div>\n\t\t<\/div>\n\t\t\t\t\t<\/div>\n\t\t<\/section>\n\t\t\t\t<section class=\"elementor-section elementor-top-section elementor-element elementor-element-de0357f elementor-section-boxed elementor-section-height-default elementor-section-height-default wpr-particle-no wpr-jarallax-no wpr-parallax-no wpr-sticky-section-no\" data-id=\"de0357f\" data-element_type=\"section\">\n\t\t\t\t\t\t<div class=\"elementor-container elementor-column-gap-default\">\n\t\t\t\t\t<div class=\"elementor-column elementor-col-100 elementor-top-column elementor-element elementor-element-bf265a8\" data-id=\"bf265a8\" data-element_type=\"column\">\n\t\t\t<div class=\"elementor-widget-wrap elementor-element-populated\">\n\t\t\t\t\t\t<div class=\"elementor-element elementor-element-962cce0 elementor-align-center elementor-widget elementor-widget-button\" data-id=\"962cce0\" data-element_type=\"widget\" data-widget_type=\"button.default\">\n\t\t\t\t<div class=\"elementor-widget-container\">\n\t\t\t\t\t<div class=\"elementor-button-wrapper\">\n\t\t\t<a class=\"elementor-button elementor-button-link elementor-size-sm\" href=\"http:\/\/wa.link\/f9qzst\">\n\t\t\t\t\t\t<span class=\"elementor-button-content-wrapper\">\n\t\t\t\t\t\t\t\t\t<span class=\"elementor-button-text\">SOLICITA TU CR\u00c9DITO AHORA<\/span>\n\t\t\t\t\t<\/span>\n\t\t\t\t\t<\/a>\n\t\t<\/div>\n\t\t\t\t<\/div>\n\t\t\t\t<\/div>\n\t\t\t\t\t<\/div>\n\t\t<\/div>\n\t\t\t\t\t<\/div>\n\t\t<\/section>\n\t\t\t\t<\/div>\n\t\t","protected":false},"excerpt":{"rendered":"<p>Cr\u00e9dito de gerencia Esta destinado para satisfacer las necesidades personales del asociado y es de libre inversi\u00f3n, solicitudes hasta por ocho (8) SMMLV. Cr\u00e9dito ordinario Esta destinado para satisfacer las necesidades personales del asociado y es de libre inversi\u00f3n. solicitudes por m\u00e1s de ocho (8) SMMLV. Cr\u00e9dito preferencial Esta l\u00ednea est\u00e1 destinada a atender las necesidades personales del asociado, es de libre inversi\u00f3n y aplica \u00fanicamente para laprimera solicitud de cr\u00e9dito que realice un asociado y hasta por 10 SMMLV. Cr\u00e9diprima Esta modalidad permite ser pagada con la mitad de la prima que por derecho devengue el asociado y est\u00e1 destinada para satisfacer sus necesidades personales y es de libre inversi\u00f3n. El asociado debe cumplir con los requisitos legales para ser acreedor del pago de la prima comoprestaci\u00f3n legal de la empresa donde labore. Cr\u00e9diaportes Esta l\u00ednea est\u00e1 destinada a atender las necesidades del asociado, es de libre inversi\u00f3n y aplica \u00fanicamente por valor de sus aportes sociales. Cr\u00e9dimercado Esta l\u00ednea est\u00e1 destinada a atender las carencias de efectivo para la compra de mercado, hasta por\u00a0(1) SMMLV. Beneficios Asumimos el seguro de vida. Descuento por n\u00f3mina. Bajas tasas de inter\u00e9s. Agilidad en el desembolso. Abonos extraordinarios. Garant\u00edas Contamos con diversidad de alternativas de Garant\u00eda: Deudor solidario, Aportes y Ahorros,\u00a0\u00a0Prendar\u00eda, Hipoteca y AfianzaFondos SAS (codeudor solidario). SOLICITA TU CR\u00c9DITO AHORA<\/p>\n","protected":false},"author":1,"featured_media":0,"parent":0,"menu_order":0,"comment_status":"closed","ping_status":"closed","template":"elementor_header_footer","meta":{"footnotes":"","_joinchat":[]},"_links":{"self":[{"href":"https:\/\/fondofertolima.com\/fondofer\/index.php?rest_route=\/wp\/v2\/pages\/1616"}],"collection":[{"href":"https:\/\/fondofertolima.com\/fondofer\/index.php?rest_route=\/wp\/v2\/pages"}],"about":[{"href":"https:\/\/fondofertolima.com\/fondofer\/index.php?rest_route=\/wp\/v2\/types\/page"}],"author":[{"embeddable":true,"href":"https:\/\/fondofertolima.com\/fondofer\/index.php?rest_route=\/wp\/v2\/users\/1"}],"replies":[{"embeddable":true,"href":"https:\/\/fondofertolima.com\/fondofer\/index.php?rest_route=%2Fwp%2Fv2%2Fcomments&post=1616"}],"version-history":[{"count":84,"href":"https:\/\/fondofertolima.com\/fondofer\/index.php?rest_route=\/wp\/v2\/pages\/1616\/revisions"}],"predecessor-version":[{"id":3727,"href":"https:\/\/fondofertolima.com\/fondofer\/index.php?rest_route=\/wp\/v2\/pages\/1616\/revisions\/3727"}],"wp:attachment":[{"href":"https:\/\/fondofertolima.com\/fondofer\/index.php?rest_route=%2Fwp%2Fv2%2Fmedia&parent=1616"}],"curies":[{"name":"wp","href":"https:\/\/api.w.org\/{rel}","templated":true}]}}