{"id":1602,"date":"2022-06-26T12:45:41","date_gmt":"2022-06-26T17:45:41","guid":{"rendered":"http:\/\/localhost\/fondofer\/?page_id=1602"},"modified":"2025-02-06T16:49:20","modified_gmt":"2025-02-06T21:49:20","slug":"marco-legal","status":"publish","type":"page","link":"https:\/\/fondofertolima.com\/fondofer\/?page_id=1602","title":{"rendered":"Marco Legal FondoFer"},"content":{"rendered":"\t\t<div data-elementor-type=\"wp-page\" data-elementor-id=\"1602\" class=\"elementor elementor-1602\">\n\t\t\t\t\t\t<section class=\"elementor-section elementor-top-section elementor-element elementor-element-4ae9200a elementor-section-boxed elementor-section-height-default elementor-section-height-default wpr-particle-no wpr-jarallax-no wpr-parallax-no wpr-sticky-section-no\" data-id=\"4ae9200a\" data-element_type=\"section\" data-settings=\"{&quot;background_background&quot;:&quot;classic&quot;}\">\n\t\t\t\t\t\t<div class=\"elementor-container elementor-column-gap-default\">\n\t\t\t\t\t<div class=\"elementor-column elementor-col-100 elementor-top-column elementor-element elementor-element-5c4854f5\" data-id=\"5c4854f5\" data-element_type=\"column\">\n\t\t\t<div class=\"elementor-widget-wrap elementor-element-populated\">\n\t\t\t\t\t\t<div class=\"elementor-element elementor-element-e883c39 elementor-widget elementor-widget-text-editor\" data-id=\"e883c39\" data-element_type=\"widget\" data-widget_type=\"text-editor.default\">\n\t\t\t\t<div class=\"elementor-widget-container\">\n\t\t\t<style>\/*! elementor - v3.22.0 - 26-06-2024 *\/\n.elementor-widget-text-editor.elementor-drop-cap-view-stacked .elementor-drop-cap{background-color:#69727d;color:#fff}.elementor-widget-text-editor.elementor-drop-cap-view-framed .elementor-drop-cap{color:#69727d;border:3px solid;background-color:transparent}.elementor-widget-text-editor:not(.elementor-drop-cap-view-default) .elementor-drop-cap{margin-top:8px}.elementor-widget-text-editor:not(.elementor-drop-cap-view-default) .elementor-drop-cap-letter{width:1em;height:1em}.elementor-widget-text-editor .elementor-drop-cap{float:left;text-align:center;line-height:1;font-size:50px}.elementor-widget-text-editor .elementor-drop-cap-letter{display:inline-block}<\/style>\t\t\t\t<p>MARCO LEGAL FONDOFER<\/p>\t\t\t\t\t\t<\/div>\n\t\t\t\t<\/div>\n\t\t\t\t\t<\/div>\n\t\t<\/div>\n\t\t\t\t\t<\/div>\n\t\t<\/section>\n\t\t\t\t<section class=\"elementor-section elementor-top-section elementor-element elementor-element-f6ec48d elementor-section-boxed elementor-section-height-default elementor-section-height-default wpr-particle-no wpr-jarallax-no wpr-parallax-no wpr-sticky-section-no\" data-id=\"f6ec48d\" data-element_type=\"section\">\n\t\t\t\t\t\t<div class=\"elementor-container elementor-column-gap-default\">\n\t\t\t\t\t<div class=\"elementor-column elementor-col-66 elementor-top-column elementor-element elementor-element-7766d27\" data-id=\"7766d27\" data-element_type=\"column\">\n\t\t\t<div class=\"elementor-widget-wrap elementor-element-populated\">\n\t\t\t\t\t\t<div class=\"elementor-element elementor-element-fbf94a9 elementor-widget elementor-widget-popularis-text-block\" data-id=\"fbf94a9\" data-element_type=\"widget\" data-widget_type=\"popularis-text-block.default\">\n\t\t\t\t<div class=\"elementor-widget-container\">\n\t\t\t<div class=\"popularis_extra_adv_text_block \" ><h4 class=\"text-content-block\"><ul><li>Ley 454 de agosto 4 de 1998.<\/li><li>Ley 79 de diciembre 23 de 1988.<\/li><li>Ley 1391 de 1 de julio de 2010.<\/li><li>Decreto Ley 1481 de julio 7 de 1989.<\/li><li>Circular b\u00e1sica jur\u00eddica 01 de la supersolidaria.<\/li><li>Circular contable 04 de la supersolidaria.<\/li><li>Personer\u00eda jur\u00eddica No.2276 de octubre 29 de 1985.<\/li><li>Estatutos y reglamentos vigente.<\/li><\/ul><h4><a href=\"http:\/\/localhost\/fondofer\/wp-content\/uploads\/2022\/06\/ESTATUTO-2020.pdf\" data-wplink-url-error=\"true\">ESTATUTO 2020<\/a><\/h4><h4><a href=\"http:\/\/localhost\/fondofer\/wp-content\/uploads\/2022\/06\/REGLAMENTO-CONTROL-SOCIAL-MODIFICADO-agot-25-2016.pdf\" data-wplink-url-error=\"true\">REGLAMENTO CONTROL SOCIAL<\/a><\/h4><h4><a href=\"http:\/\/localhost\/fondofer\/wp-content\/uploads\/2022\/06\/REGLAMENTO-DE-APELACIONES.pdf\" data-wplink-url-error=\"true\">REGLAMENTO DE APELACIONES<\/a><\/h4><p><a href=\"https:\/\/fondofertolima.com\/fondofer\/wp-content\/uploads\/2025\/02\/DECLARACION-DE-ASOCIADOS-INHABILES-2025-F-copia.pdf\">DECLARACION DE ASOCIADOS INHABILES 2025 F-<\/a><\/p><\/div><\/h4>\t\t<\/div>\n\t\t\t\t<\/div>\n\t\t\t\t\t<\/div>\n\t\t<\/div>\n\t\t\t\t<div class=\"elementor-column elementor-col-33 elementor-top-column elementor-element elementor-element-21c82d4\" data-id=\"21c82d4\" data-element_type=\"column\">\n\t\t\t<div class=\"elementor-widget-wrap elementor-element-populated\">\n\t\t\t\t\t\t<div class=\"elementor-element elementor-element-d5be801 elementor-widget elementor-widget-image\" data-id=\"d5be801\" data-element_type=\"widget\" data-widget_type=\"image.default\">\n\t\t\t\t<div class=\"elementor-widget-container\">\n\t\t\t<style>\/*! elementor - v3.22.0 - 26-06-2024 *\/\n.elementor-widget-image{text-align:center}.elementor-widget-image a{display:inline-block}.elementor-widget-image a img[src$=\".svg\"]{width:48px}.elementor-widget-image img{vertical-align:middle;display:inline-block}<\/style>\t\t\t\t\t\t\t\t\t\t<img fetchpriority=\"high\" decoding=\"async\" width=\"1024\" height=\"767\" src=\"https:\/\/fondofertolima.com\/fondofer\/wp-content\/uploads\/2022\/06\/lady-justice-2388500_1920-1024x767-1.jpg\" class=\"attachment-large size-large wp-image-1709\" alt=\"\" \/>\t\t\t\t\t\t\t\t\t\t\t\t\t<\/div>\n\t\t\t\t<\/div>\n\t\t\t\t\t<\/div>\n\t\t<\/div>\n\t\t\t\t\t<\/div>\n\t\t<\/section>\n\t\t\t\t<\/div>\n\t\t","protected":false},"excerpt":{"rendered":"<p>MARCO LEGAL FONDOFER Ley 454 de agosto 4 de 1998. Ley 79 de diciembre 23 de 1988. Ley 1391 de 1 de julio de 2010. Decreto Ley 1481 de julio 7 de 1989. Circular b\u00e1sica jur\u00eddica 01 de la supersolidaria. Circular contable 04 de la supersolidaria. Personer\u00eda jur\u00eddica No.2276 de octubre 29 de 1985. Estatutos y reglamentos vigente. ESTATUTO 2020 REGLAMENTO CONTROL SOCIAL REGLAMENTO DE APELACIONES DECLARACION DE ASOCIADOS INHABILES 2025 F-<\/p>\n","protected":false},"author":1,"featured_media":0,"parent":0,"menu_order":0,"comment_status":"closed","ping_status":"closed","template":"elementor_header_footer","meta":{"footnotes":"","_joinchat":[]},"_links":{"self":[{"href":"https:\/\/fondofertolima.com\/fondofer\/index.php?rest_route=\/wp\/v2\/pages\/1602"}],"collection":[{"href":"https:\/\/fondofertolima.com\/fondofer\/index.php?rest_route=\/wp\/v2\/pages"}],"about":[{"href":"https:\/\/fondofertolima.com\/fondofer\/index.php?rest_route=\/wp\/v2\/types\/page"}],"author":[{"embeddable":true,"href":"https:\/\/fondofertolima.com\/fondofer\/index.php?rest_route=\/wp\/v2\/users\/1"}],"replies":[{"embeddable":true,"href":"https:\/\/fondofertolima.com\/fondofer\/index.php?rest_route=%2Fwp%2Fv2%2Fcomments&post=1602"}],"version-history":[{"count":33,"href":"https:\/\/fondofertolima.com\/fondofer\/index.php?rest_route=\/wp\/v2\/pages\/1602\/revisions"}],"predecessor-version":[{"id":3797,"href":"https:\/\/fondofertolima.com\/fondofer\/index.php?rest_route=\/wp\/v2\/pages\/1602\/revisions\/3797"}],"wp:attachment":[{"href":"https:\/\/fondofertolima.com\/fondofer\/index.php?rest_route=%2Fwp%2Fv2%2Fmedia&parent=1602"}],"curies":[{"name":"wp","href":"https:\/\/api.w.org\/{rel}","templated":true}]}}