{"id":1600,"date":"2022-06-26T12:44:33","date_gmt":"2022-06-26T17:44:33","guid":{"rendered":"http:\/\/localhost\/fondofer\/?page_id=1600"},"modified":"2024-02-24T19:38:08","modified_gmt":"2024-02-25T00:38:08","slug":"como-asociarme","status":"publish","type":"page","link":"https:\/\/fondofertolima.com\/fondofer\/?page_id=1600","title":{"rendered":"\u00bfC\u00f3mo asociarme?"},"content":{"rendered":"\t\t<div data-elementor-type=\"wp-page\" data-elementor-id=\"1600\" class=\"elementor elementor-1600\">\n\t\t\t\t\t\t<section class=\"elementor-section elementor-top-section elementor-element elementor-element-6fe9149 elementor-section-full_width elementor-section-stretched elementor-section-height-default elementor-section-height-default wpr-particle-no wpr-jarallax-no wpr-parallax-no wpr-sticky-section-no\" data-id=\"6fe9149\" data-element_type=\"section\" data-settings=\"{&quot;stretch_section&quot;:&quot;section-stretched&quot;}\">\n\t\t\t\t\t\t<div class=\"elementor-container elementor-column-gap-default\">\n\t\t\t\t\t<div class=\"elementor-column elementor-col-100 elementor-top-column elementor-element elementor-element-2411328\" data-id=\"2411328\" data-element_type=\"column\">\n\t\t\t<div class=\"elementor-widget-wrap elementor-element-populated\">\n\t\t\t\t\t\t<div class=\"elementor-element elementor-element-9f71b5a elementor-widget elementor-widget-image\" data-id=\"9f71b5a\" data-element_type=\"widget\" data-widget_type=\"image.default\">\n\t\t\t\t<div class=\"elementor-widget-container\">\n\t\t\t<style>\/*! elementor - v3.22.0 - 26-06-2024 *\/\n.elementor-widget-image{text-align:center}.elementor-widget-image a{display:inline-block}.elementor-widget-image a img[src$=\".svg\"]{width:48px}.elementor-widget-image img{vertical-align:middle;display:inline-block}<\/style>\t\t\t\t\t\t\t\t\t\t<img fetchpriority=\"high\" decoding=\"async\" width=\"1450\" height=\"300\" src=\"https:\/\/fondofertolima.com\/fondofer\/wp-content\/uploads\/2024\/02\/como-asociarme-fondofer.jpg\" class=\"attachment-full size-full wp-image-3348\" alt=\"\" srcset=\"https:\/\/fondofertolima.com\/fondofer\/wp-content\/uploads\/2024\/02\/como-asociarme-fondofer.jpg 1450w, https:\/\/fondofertolima.com\/fondofer\/wp-content\/uploads\/2024\/02\/como-asociarme-fondofer-300x62.jpg 300w, https:\/\/fondofertolima.com\/fondofer\/wp-content\/uploads\/2024\/02\/como-asociarme-fondofer-1024x212.jpg 1024w, https:\/\/fondofertolima.com\/fondofer\/wp-content\/uploads\/2024\/02\/como-asociarme-fondofer-768x159.jpg 768w\" sizes=\"(max-width: 1450px) 100vw, 1450px\" \/>\t\t\t\t\t\t\t\t\t\t\t\t\t<\/div>\n\t\t\t\t<\/div>\n\t\t\t\t\t<\/div>\n\t\t<\/div>\n\t\t\t\t\t<\/div>\n\t\t<\/section>\n\t\t\t\t<section class=\"elementor-section elementor-top-section elementor-element elementor-element-dd8e74f elementor-section-boxed elementor-section-height-default elementor-section-height-default wpr-particle-no wpr-jarallax-no wpr-parallax-no wpr-sticky-section-no\" data-id=\"dd8e74f\" data-element_type=\"section\">\n\t\t\t\t\t\t<div class=\"elementor-container elementor-column-gap-default\">\n\t\t\t\t\t<div class=\"elementor-column elementor-col-50 elementor-top-column elementor-element elementor-element-468c316\" data-id=\"468c316\" data-element_type=\"column\">\n\t\t\t<div class=\"elementor-widget-wrap elementor-element-populated\">\n\t\t\t\t\t\t<div class=\"elementor-element elementor-element-1e23158 elementor-widget elementor-widget-heading\" data-id=\"1e23158\" data-element_type=\"widget\" data-widget_type=\"heading.default\">\n\t\t\t\t<div class=\"elementor-widget-container\">\n\t\t\t<style>\/*! elementor - v3.22.0 - 26-06-2024 *\/\n.elementor-heading-title{padding:0;margin:0;line-height:1}.elementor-widget-heading .elementor-heading-title[class*=elementor-size-]>a{color:inherit;font-size:inherit;line-height:inherit}.elementor-widget-heading .elementor-heading-title.elementor-size-small{font-size:15px}.elementor-widget-heading .elementor-heading-title.elementor-size-medium{font-size:19px}.elementor-widget-heading .elementor-heading-title.elementor-size-large{font-size:29px}.elementor-widget-heading .elementor-heading-title.elementor-size-xl{font-size:39px}.elementor-widget-heading .elementor-heading-title.elementor-size-xxl{font-size:59px}<\/style><h2 class=\"elementor-heading-title elementor-size-default\">\u00bfQuienes pueden ser asociados?<\/h2>\t\t<\/div>\n\t\t\t\t<\/div>\n\t\t\t\t<div class=\"elementor-element elementor-element-056f0ba elementor-widget elementor-widget-popularis-text-block\" data-id=\"056f0ba\" data-element_type=\"widget\" data-widget_type=\"popularis-text-block.default\">\n\t\t\t\t<div class=\"elementor-widget-container\">\n\t\t\t<div class=\"popularis_extra_adv_text_block \" ><h4 class=\"text-content-block\"><ul><li>Empleados de la gobernaci\u00f3n del Tolima<\/li><li>Empleados de la alcald\u00eda<\/li><li>Docentes del departamento y municipio<\/li><li>Pensionados de FOPEP \u2013 COLPENSIONES- FIDUPREVISORA.<\/li><\/ul><\/div><\/h4>\t\t<\/div>\n\t\t\t\t<\/div>\n\t\t\t\t<div class=\"elementor-element elementor-element-2e356f6 elementor-widget elementor-widget-heading\" data-id=\"2e356f6\" data-element_type=\"widget\" data-widget_type=\"heading.default\">\n\t\t\t\t<div class=\"elementor-widget-container\">\n\t\t\t<h2 class=\"elementor-heading-title elementor-size-default\">Requisitos:<\/h2>\t\t<\/div>\n\t\t\t\t<\/div>\n\t\t\t\t<div class=\"elementor-element elementor-element-4f610d6 elementor-widget elementor-widget-popularis-text-block\" data-id=\"4f610d6\" data-element_type=\"widget\" data-widget_type=\"popularis-text-block.default\">\n\t\t\t\t<div class=\"elementor-widget-container\">\n\t\t\t<div class=\"popularis_extra_adv_text_block \" ><h4 class=\"text-content-block\"><ul><li>Ser mayor de 18 a\u00f1os.<\/li><li>Haber sido aprobado su ingreso por Junta Directiva.<\/li><li>Autorizar el manejo y administraci\u00f3n de datos personales.<\/li><li>No estar reportado en listas vinculantes para Colombia.<\/li><li>Estar dispuesto a recibir educaci\u00f3n en Econom\u00eda solidaria.<\/li><\/ul><\/div><\/h4>\t\t<\/div>\n\t\t\t\t<\/div>\n\t\t\t\t\t<\/div>\n\t\t<\/div>\n\t\t\t\t<div class=\"elementor-column elementor-col-50 elementor-top-column elementor-element elementor-element-20d6ffd\" data-id=\"20d6ffd\" data-element_type=\"column\">\n\t\t\t<div class=\"elementor-widget-wrap elementor-element-populated\">\n\t\t\t\t\t\t<div class=\"elementor-element elementor-element-40a8580 wpr-forms-submit-center wpr-forms-align-left elementor-widget elementor-widget-wpr-forms\" data-id=\"40a8580\" data-element_type=\"widget\" data-widget_type=\"wpr-forms.default\">\n\t\t\t\t<div class=\"elementor-widget-container\">\n\t\t\t<div class=\"wpr-forms-container wpr-custom-chk-radio\">\n<div class=\"wpcf7 no-js\" id=\"wpcf7-f3155-o1\" lang=\"es-CO\" dir=\"ltr\">\n<div class=\"screen-reader-response\"><p role=\"status\" aria-live=\"polite\" aria-atomic=\"true\"><\/p> <ul><\/ul><\/div>\n<form action=\"\/fondofer\/index.php?rest_route=%2Fwp%2Fv2%2Fpages%2F1600#wpcf7-f3155-o1\" method=\"post\" class=\"wpcf7-form init\" aria-label=\"Formulario de contacto\" novalidate=\"novalidate\" data-status=\"init\">\n<div style=\"display: none;\">\n<input type=\"hidden\" name=\"_wpcf7\" value=\"3155\" \/>\n<input type=\"hidden\" name=\"_wpcf7_version\" value=\"5.9.6\" \/>\n<input type=\"hidden\" name=\"_wpcf7_locale\" value=\"es_CO\" \/>\n<input type=\"hidden\" name=\"_wpcf7_unit_tag\" value=\"wpcf7-f3155-o1\" \/>\n<input type=\"hidden\" name=\"_wpcf7_container_post\" value=\"0\" \/>\n<input type=\"hidden\" name=\"_wpcf7_posted_data_hash\" value=\"\" \/>\n<\/div>\n<p><label> Nombre<br \/>\n<span class=\"wpcf7-form-control-wrap\" data-name=\"your-name\"><input size=\"40\" maxlength=\"80\" class=\"wpcf7-form-control wpcf7-text wpcf7-validates-as-required\" autocomplete=\"name\" aria-required=\"true\" aria-invalid=\"false\" value=\"\" type=\"text\" name=\"your-name\" \/><\/span> <\/label>\n<\/p>\n<p><label> Tel\u00e9fono<br \/>\n<span class=\"wpcf7-form-control-wrap\" data-name=\"tel-848\"><input size=\"40\" maxlength=\"80\" class=\"wpcf7-form-control wpcf7-tel wpcf7-validates-as-required wpcf7-text wpcf7-validates-as-tel\" autocomplete=\"tel\" aria-required=\"true\" aria-invalid=\"false\" value=\"\" type=\"tel\" name=\"tel-848\" \/><\/span> <\/label>\n<\/p>\n<p><label> Correo el\u00e9ctronico<br \/>\n<span class=\"wpcf7-form-control-wrap\" data-name=\"your-email\"><input size=\"40\" maxlength=\"80\" class=\"wpcf7-form-control wpcf7-email wpcf7-validates-as-required wpcf7-text wpcf7-validates-as-email\" autocomplete=\"email\" aria-required=\"true\" aria-invalid=\"false\" value=\"\" type=\"email\" name=\"your-email\" \/><\/span> <\/label>\n<\/p>\n<p><label> Entidad con la que trabaja<br \/>\n<span class=\"wpcf7-form-control-wrap\" data-name=\"text-45\"><input size=\"40\" maxlength=\"80\" class=\"wpcf7-form-control wpcf7-text wpcf7-validates-as-required\" aria-required=\"true\" aria-invalid=\"false\" value=\"\" type=\"text\" name=\"text-45\" \/><\/span> <\/label>\n<\/p>\n<p><label> Cargo o profesi\u00f3n<br \/>\n<span class=\"wpcf7-form-control-wrap\" data-name=\"text-270\"><input size=\"40\" maxlength=\"80\" class=\"wpcf7-form-control wpcf7-text wpcf7-validates-as-required\" aria-required=\"true\" aria-invalid=\"false\" value=\"\" type=\"text\" name=\"text-270\" \/><\/span> <\/label>\n<\/p>\n<p><input class=\"wpcf7-form-control wpcf7-submit has-spinner\" type=\"submit\" value=\"Enviar\" \/>\n<\/p><div class=\"wpcf7-response-output\" aria-hidden=\"true\"><\/div>\n<\/form>\n<\/div>\n<\/div>\t\t<\/div>\n\t\t\t\t<\/div>\n\t\t\t\t\t<\/div>\n\t\t<\/div>\n\t\t\t\t\t<\/div>\n\t\t<\/section>\n\t\t\t\t<\/div>\n\t\t","protected":false},"excerpt":{"rendered":"<p>\u00bfQuienes pueden ser asociados? Empleados de la gobernaci\u00f3n del Tolima Empleados de la alcald\u00eda Docentes del departamento y municipio Pensionados de FOPEP \u2013 COLPENSIONES- FIDUPREVISORA. Requisitos: Ser mayor de 18 a\u00f1os. Haber sido aprobado su ingreso por Junta Directiva. Autorizar el manejo y administraci\u00f3n de datos personales. No estar reportado en listas vinculantes para Colombia. Estar dispuesto a recibir educaci\u00f3n en Econom\u00eda solidaria. Nombre Tel\u00e9fono Correo el\u00e9ctronico Entidad con la que trabaja Cargo o profesi\u00f3n<\/p>\n","protected":false},"author":1,"featured_media":0,"parent":0,"menu_order":0,"comment_status":"closed","ping_status":"closed","template":"elementor_header_footer","meta":{"footnotes":"","_joinchat":[]},"_links":{"self":[{"href":"https:\/\/fondofertolima.com\/fondofer\/index.php?rest_route=\/wp\/v2\/pages\/1600"}],"collection":[{"href":"https:\/\/fondofertolima.com\/fondofer\/index.php?rest_route=\/wp\/v2\/pages"}],"about":[{"href":"https:\/\/fondofertolima.com\/fondofer\/index.php?rest_route=\/wp\/v2\/types\/page"}],"author":[{"embeddable":true,"href":"https:\/\/fondofertolima.com\/fondofer\/index.php?rest_route=\/wp\/v2\/users\/1"}],"replies":[{"embeddable":true,"href":"https:\/\/fondofertolima.com\/fondofer\/index.php?rest_route=%2Fwp%2Fv2%2Fcomments&post=1600"}],"version-history":[{"count":26,"href":"https:\/\/fondofertolima.com\/fondofer\/index.php?rest_route=\/wp\/v2\/pages\/1600\/revisions"}],"predecessor-version":[{"id":3354,"href":"https:\/\/fondofertolima.com\/fondofer\/index.php?rest_route=\/wp\/v2\/pages\/1600\/revisions\/3354"}],"wp:attachment":[{"href":"https:\/\/fondofertolima.com\/fondofer\/index.php?rest_route=%2Fwp%2Fv2%2Fmedia&parent=1600"}],"curies":[{"name":"wp","href":"https:\/\/api.w.org\/{rel}","templated":true}]}}